{"id":10,"date":"2018-06-22T15:56:26","date_gmt":"2018-06-22T13:56:26","guid":{"rendered":"http:\/\/www.auto-service-busse.de\/?page_id=10"},"modified":"2021-08-09T19:56:28","modified_gmt":"2021-08-09T17:56:28","slug":"ueber-uns","status":"publish","type":"page","link":"https:\/\/www.auto-service-busse.de\/startseite\/ueber-uns\/","title":{"rendered":"\u00dcber uns"},"content":{"rendered":"\t\t<div data-elementor-type=\"wp-post\" data-elementor-id=\"10\" class=\"elementor elementor-10 elementor-bc-flex-widget\">\n\t\t\t\t\t\t<section class=\"elementor-section elementor-top-section elementor-element elementor-element-307c3bac elementor-section-boxed elementor-section-height-default elementor-section-height-default\" data-id=\"307c3bac\" data-element_type=\"section\">\n\t\t\t\t\t\t<div class=\"elementor-container elementor-column-gap-default\">\n\t\t\t\t\t<div class=\"elementor-column elementor-col-100 elementor-top-column elementor-element elementor-element-ae5b46b\" data-id=\"ae5b46b\" data-element_type=\"column\">\n\t\t\t<div class=\"elementor-widget-wrap\">\n\t\t\t\t\t\t\t<\/div>\n\t\t<\/div>\n\t\t\t\t\t<\/div>\n\t\t<\/section>\n\t\t\t\t<section class=\"elementor-section elementor-top-section elementor-element elementor-element-eaf4508 elementor-section-boxed elementor-section-height-default elementor-section-height-default\" data-id=\"eaf4508\" data-element_type=\"section\">\n\t\t\t\t\t\t<div class=\"elementor-container elementor-column-gap-default\">\n\t\t\t\t\t<div class=\"elementor-column elementor-col-50 elementor-top-column elementor-element elementor-element-245de5f\" data-id=\"245de5f\" data-element_type=\"column\">\n\t\t\t<div class=\"elementor-widget-wrap elementor-element-populated\">\n\t\t\t\t\t\t<div class=\"elementor-element elementor-element-ed5a251 elementor-widget elementor-widget-text-editor\" data-id=\"ed5a251\" data-element_type=\"widget\" data-widget_type=\"text-editor.default\">\n\t\t\t\t<div class=\"elementor-widget-container\">\n\t\t\t\t\t\t\t<p>\u00a0<\/p><div id=\"pgc-10-0-0\" class=\"panel-grid-cell\" data-weight=\"0.5\"><div id=\"panel-10-0-0-0\" class=\"so-panel widget widget_sow-editor panel-first-child panel-last-child\" data-index=\"0\" data-style=\"{\"><div class=\"panel-widget-style panel-widget-style-for-10-0-0-0\" style=\"text-align: left;\" data-title-color=\"#443f3f\" data-headings-color=\"#443f3f\"><div class=\"so-widget-sow-editor so-widget-sow-editor-base\"><div class=\"siteorigin-widget-tinymce textwidget\"><h2>\u00dcber uns<\/h2><p>Im Jahre 2016 feierten wir unser 40-j\u00e4hriges Firmenjubil\u00e4um. In der Vergangenheit haben wir uns eine Kompetenz aufgebaut in den Bereichen:<\/p><p>Allgemeiner KFZ-Service<br \/>Unfall- und Karosserieinstandsetzung<br \/>Einbrennlackierungen<br \/>Auf dem Firmengel\u00e4nde in K\u00f6ln Porz-Lind (N\u00e4he Flughafen K\u00f6ln-Bonn) stehen ca. 3000 m\u00b2 Hallenfl\u00e4che, ausgestattet mit modernsten Werkstatt- und Pr\u00fcfeinrichtungen, f\u00fcr die unterschiedlichsten Arbeiten &#8222;rund um&#8217;s Auto&#8220; zur Verf\u00fcgung.<\/p><p>Damit Sie im Schadensfall gut und sicher aufgehoben sind, sollten Sie sich einem EUROGARANT-Fachbetrieb anvertrauen. Hier stimmen Qualit\u00e4t, Service und Leistung. Alle Karosserie-Fachbetriebe mit dem EUROGARANT-Zeichen sind T\u00dcV- bzw. DEKRA gepr\u00fcfte Werkst\u00e4tten f\u00fcr alle Fabrikate.<\/p><\/div><\/div><\/div><\/div><\/div><div id=\"pgc-10-0-1\" class=\"panel-grid-cell\" data-weight=\"0.5\"><div id=\"panel-10-0-1-0\" class=\"so-panel widget widget_media_image panel-first-child panel-last-child\" data-index=\"1\" data-style=\"{\"><div class=\"panel-widget-style panel-widget-style-for-10-0-1-0\" style=\"text-align: left;\" data-title-color=\"#443f3f\" data-headings-color=\"#443f3f\">\u00a0<\/div><\/div><\/div>\t\t\t\t\t\t<\/div>\n\t\t\t\t<\/div>\n\t\t\t\t\t<\/div>\n\t\t<\/div>\n\t\t\t\t<div class=\"elementor-column elementor-col-50 elementor-top-column elementor-element elementor-element-880fc87\" data-id=\"880fc87\" data-element_type=\"column\">\n\t\t\t<div class=\"elementor-widget-wrap elementor-element-populated\">\n\t\t\t\t\t\t<div class=\"elementor-element elementor-element-7556cae elementor-widget elementor-widget-image\" data-id=\"7556cae\" data-element_type=\"widget\" data-widget_type=\"image.default\">\n\t\t\t\t<div class=\"elementor-widget-container\">\n\t\t\t\t\t\t\t\t\t\t\t\t\t<img fetchpriority=\"high\" decoding=\"async\" width=\"469\" height=\"700\" src=\"https:\/\/www.auto-service-busse.de\/wp-content\/uploads\/2019\/02\/DSC00770_r.jpg\" class=\"attachment-medium_large size-medium_large wp-image-159\" alt=\"\" srcset=\"https:\/\/www.auto-service-busse.de\/wp-content\/uploads\/2019\/02\/DSC00770_r.jpg 469w, https:\/\/www.auto-service-busse.de\/wp-content\/uploads\/2019\/02\/DSC00770_r-201x300.jpg 201w, https:\/\/www.auto-service-busse.de\/wp-content\/uploads\/2019\/02\/DSC00770_r-230x343.jpg 230w, https:\/\/www.auto-service-busse.de\/wp-content\/uploads\/2019\/02\/DSC00770_r-350x522.jpg 350w\" sizes=\"(max-width: 469px) 100vw, 469px\" \/>\t\t\t\t\t\t\t\t\t\t\t\t\t<\/div>\n\t\t\t\t<\/div>\n\t\t\t\t\t<\/div>\n\t\t<\/div>\n\t\t\t\t\t<\/div>\n\t\t<\/section>\n\t\t\t\t<section class=\"elementor-section elementor-top-section elementor-element elementor-element-bd324ef elementor-section-boxed elementor-section-height-default elementor-section-height-default\" data-id=\"bd324ef\" data-element_type=\"section\">\n\t\t\t\t\t\t<div class=\"elementor-container elementor-column-gap-default\">\n\t\t\t\t\t<div class=\"elementor-column elementor-col-100 elementor-top-column elementor-element elementor-element-230059b\" data-id=\"230059b\" data-element_type=\"column\">\n\t\t\t<div class=\"elementor-widget-wrap elementor-element-populated\">\n\t\t\t\t\t\t<div class=\"elementor-element elementor-element-08c5072 elementor-widget elementor-widget-heading\" data-id=\"08c5072\" data-element_type=\"widget\" data-widget_type=\"heading.default\">\n\t\t\t\t<div class=\"elementor-widget-container\">\n\t\t\t<h1 class=\"elementor-heading-title elementor-size-default\">Wir bieten unter anderem folgende Leistungen:<\/h1>\t\t<\/div>\n\t\t\t\t<\/div>\n\t\t\t\t\t<\/div>\n\t\t<\/div>\n\t\t\t\t\t<\/div>\n\t\t<\/section>\n\t\t\t\t<section class=\"elementor-section elementor-top-section elementor-element elementor-element-4ae652d elementor-section-boxed elementor-section-height-default elementor-section-height-default\" data-id=\"4ae652d\" data-element_type=\"section\">\n\t\t\t\t\t\t<div class=\"elementor-container elementor-column-gap-default\">\n\t\t\t\t\t<div class=\"elementor-column elementor-col-50 elementor-top-column elementor-element elementor-element-55a5adc\" data-id=\"55a5adc\" data-element_type=\"column\">\n\t\t\t<div class=\"elementor-widget-wrap elementor-element-populated\">\n\t\t\t\t\t\t<div class=\"elementor-element elementor-element-deb1940 elementor-widget elementor-widget-text-editor\" data-id=\"deb1940\" data-element_type=\"widget\" data-widget_type=\"text-editor.default\">\n\t\t\t\t<div class=\"elementor-widget-container\">\n\t\t\t\t\t\t\t<p><img decoding=\"async\" class=\"emoji\" draggable=\"false\" src=\"https:\/\/s.w.org\/images\/core\/emoji\/11\/svg\/2714.svg\" alt=\"\u2714\" \/>Unfall-Instandsetzung<\/p><p><img decoding=\"async\" class=\"emoji\" draggable=\"false\" src=\"https:\/\/s.w.org\/images\/core\/emoji\/11\/svg\/2714.svg\" alt=\"\u2714\" \/>Einbrennlackierung<\/p><p><img decoding=\"async\" class=\"emoji\" draggable=\"false\" src=\"https:\/\/s.w.org\/images\/core\/emoji\/11\/svg\/2714.svg\" alt=\"\u2714\" \/>Sonder- und Design-Lackierung<\/p><p><img decoding=\"async\" class=\"emoji\" draggable=\"false\" src=\"https:\/\/s.w.org\/images\/core\/emoji\/11\/svg\/2714.svg\" alt=\"\u2714\" \/>Oldtimerlackierung<\/p><p><img decoding=\"async\" class=\"emoji\" draggable=\"false\" src=\"https:\/\/s.w.org\/images\/core\/emoji\/11\/svg\/2714.svg\" alt=\"\u2714\" \/>Spot-Lackierungen<\/p><p><img decoding=\"async\" class=\"emoji\" draggable=\"false\" src=\"https:\/\/s.w.org\/images\/core\/emoji\/11\/svg\/2714.svg\" alt=\"\u2714\" \/>Motorrad-Lackierungen<\/p><p><img decoding=\"async\" class=\"emoji\" draggable=\"false\" src=\"https:\/\/s.w.org\/images\/core\/emoji\/11\/svg\/2714.svg\" alt=\"\u2714\" \/>Elektronische Diagnose und Vermessung der Karosserie<\/p><p><img decoding=\"async\" class=\"emoji\" draggable=\"false\" src=\"https:\/\/s.w.org\/images\/core\/emoji\/11\/svg\/2714.svg\" alt=\"\u2714\" \/>Moderne Rahmenrichtbank<\/p><p><img decoding=\"async\" class=\"emoji\" draggable=\"false\" src=\"https:\/\/s.w.org\/images\/core\/emoji\/11\/svg\/2714.svg\" alt=\"\u2714\" \/>Achsvermessung<\/p><p><img decoding=\"async\" class=\"emoji\" draggable=\"false\" src=\"https:\/\/s.w.org\/images\/core\/emoji\/11\/svg\/2714.svg\" alt=\"\u2714\" \/>Kunststoff-Reparatur<\/p><p><img decoding=\"async\" class=\"emoji\" draggable=\"false\" src=\"https:\/\/s.w.org\/images\/core\/emoji\/11\/svg\/2714.svg\" alt=\"\u2714\" \/>Aluminium-Instandsetzung<\/p><p><img decoding=\"async\" class=\"emoji\" draggable=\"false\" src=\"https:\/\/s.w.org\/images\/core\/emoji\/11\/svg\/2714.svg\" alt=\"\u2714\" \/>Windschutzscheiben-Instandsetzung oder Erneuerung<\/p><p><img decoding=\"async\" class=\"emoji\" draggable=\"false\" src=\"https:\/\/s.w.org\/images\/core\/emoji\/11\/svg\/2714.svg\" alt=\"\u2714\" \/>Kfz-Technik, Inspektions- und Wartungsdienst<\/p><p><img decoding=\"async\" class=\"emoji\" draggable=\"false\" src=\"https:\/\/s.w.org\/images\/core\/emoji\/11\/svg\/2714.svg\" alt=\"\u2714\" \/>\u00d6lwechsel-Service zu Festpreisen<\/p>\t\t\t\t\t\t<\/div>\n\t\t\t\t<\/div>\n\t\t\t\t\t<\/div>\n\t\t<\/div>\n\t\t\t\t<div class=\"elementor-column elementor-col-50 elementor-top-column elementor-element elementor-element-7311025\" data-id=\"7311025\" data-element_type=\"column\">\n\t\t\t<div class=\"elementor-widget-wrap elementor-element-populated\">\n\t\t\t\t\t\t<div class=\"elementor-element elementor-element-cc1dd49 elementor-widget elementor-widget-text-editor\" data-id=\"cc1dd49\" data-element_type=\"widget\" data-widget_type=\"text-editor.default\">\n\t\t\t\t<div class=\"elementor-widget-container\">\n\t\t\t\t\t\t\t<p><img decoding=\"async\" class=\"emoji\" draggable=\"false\" src=\"https:\/\/s.w.org\/images\/core\/emoji\/11\/svg\/2714.svg\" alt=\"\u2714\" \/>Fr\u00fchjahrs-\/Winter-\/Urlaubscheck<\/p><p><img decoding=\"async\" class=\"emoji\" draggable=\"false\" src=\"https:\/\/s.w.org\/images\/core\/emoji\/11\/svg\/2714.svg\" alt=\"\u2714\" \/>Haupt- und Abgasuntersuchung (HU\/AU)<\/p><p><img decoding=\"async\" class=\"emoji\" draggable=\"false\" src=\"https:\/\/s.w.org\/images\/core\/emoji\/11\/svg\/2714.svg\" alt=\"\u2714\" \/>Reifen- und Bremsenservice<\/p><p><img decoding=\"async\" class=\"emoji\" draggable=\"false\" src=\"https:\/\/s.w.org\/images\/core\/emoji\/11\/svg\/2714.svg\" alt=\"\u2714\" \/>Reifeneinlagerung<\/p><p><img decoding=\"async\" class=\"emoji\" draggable=\"false\" src=\"https:\/\/s.w.org\/images\/core\/emoji\/11\/svg\/2714.svg\" alt=\"\u2714\" \/>Mietwagenservice\/ Werkstattersatzwagen<\/p><p><img decoding=\"async\" class=\"emoji\" draggable=\"false\" src=\"https:\/\/s.w.org\/images\/core\/emoji\/11\/svg\/2714.svg\" alt=\"\u2714\" \/>Unfall-Ersatzfahrzeug<\/p><p><img decoding=\"async\" class=\"emoji\" draggable=\"false\" src=\"https:\/\/s.w.org\/images\/core\/emoji\/11\/svg\/2714.svg\" alt=\"\u2714\" \/>Eigener Abschleppservice<\/p><p><img decoding=\"async\" class=\"emoji\" draggable=\"false\" src=\"https:\/\/s.w.org\/images\/core\/emoji\/11\/svg\/2714.svg\" alt=\"\u2714\" \/>Wartung und Desinfektion von Klimaanlagen<\/p><p><img decoding=\"async\" class=\"emoji\" draggable=\"false\" src=\"https:\/\/s.w.org\/images\/core\/emoji\/11\/svg\/2714.svg\" alt=\"\u2714\" \/>Dauerhafte Beseitigung von Innenraum-Ger\u00fcchen<\/p><p><img decoding=\"async\" class=\"emoji\" draggable=\"false\" src=\"https:\/\/s.w.org\/images\/core\/emoji\/11\/svg\/2714.svg\" alt=\"\u2714\" \/>Professionelle Fahrzeugaufbereitung<\/p><p><img decoding=\"async\" class=\"emoji\" draggable=\"false\" src=\"https:\/\/s.w.org\/images\/core\/emoji\/11\/svg\/2714.svg\" alt=\"\u2714\" \/>2 Jahre Garantie<\/p><p><img decoding=\"async\" class=\"emoji\" draggable=\"false\" src=\"https:\/\/s.w.org\/images\/core\/emoji\/11\/svg\/2714.svg\" alt=\"\u2714\" \/>Umweltgerechte Entsorgung<\/p><p><img decoding=\"async\" class=\"emoji\" draggable=\"false\" src=\"https:\/\/s.w.org\/images\/core\/emoji\/11\/svg\/2714.svg\" alt=\"\u2714\" \/>Zeitwertgerechte Reparatur<\/p><p><img decoding=\"async\" class=\"emoji\" draggable=\"false\" src=\"https:\/\/s.w.org\/images\/core\/emoji\/11\/svg\/2714.svg\" alt=\"\u2714\" \/>ISO Zertifiziert<\/p>\t\t\t\t\t\t<\/div>\n\t\t\t\t<\/div>\n\t\t\t\t\t<\/div>\n\t\t<\/div>\n\t\t\t\t\t<\/div>\n\t\t<\/section>\n\t\t\t\t<section class=\"elementor-section elementor-top-section elementor-element elementor-element-0c163e1 elementor-section-boxed elementor-section-height-default elementor-section-height-default\" data-id=\"0c163e1\" data-element_type=\"section\">\n\t\t\t\t\t\t<div class=\"elementor-container elementor-column-gap-default\">\n\t\t\t\t\t<div class=\"elementor-column elementor-col-50 elementor-top-column elementor-element elementor-element-9ca65ec\" data-id=\"9ca65ec\" data-element_type=\"column\">\n\t\t\t<div class=\"elementor-widget-wrap elementor-element-populated\">\n\t\t\t\t\t\t<div class=\"elementor-element elementor-element-fcfb02d elementor-widget elementor-widget-text-editor\" data-id=\"fcfb02d\" data-element_type=\"widget\" data-widget_type=\"text-editor.default\">\n\t\t\t\t<div class=\"elementor-widget-container\">\n\t\t\t\t\t\t\t<div id=\"pgc-10-1-0\" class=\"panel-grid-cell\" data-weight=\"0.5\"><div id=\"panel-10-1-0-0\" class=\"so-panel widget widget_black-studio-tinymce widget_black_studio_tinymce panel-first-child panel-last-child\" data-index=\"2\" data-style=\"{\"><div class=\"panel-widget-style panel-widget-style-for-10-1-0-0\" data-title-color=\"#443f3f\" data-headings-color=\"#443f3f\"><div class=\"textwidget\"><h5>\u00a0<\/h5><h5>\u00a0<\/h5><h4>Zus\u00e4tzlich haben wir hauseigene Schulungsr\u00e4ume f\u00fcr interne und externe Schulungen im Bereich Gasumr\u00fcstung oder Kfz-Servicethemen. Ausger\u00fcstet mit Beamer, bestuhlt f\u00fcr 25 Personen inkl. Catering und eigener Cafeteria<\/h4><\/div><\/div><\/div><\/div><div class=\"panel-widget-style panel-widget-style-for-10-1-1-0\" data-title-color=\"#443f3f\" data-headings-color=\"#443f3f\">\u00a0<\/div><div data-title-color=\"#443f3f\" data-headings-color=\"#443f3f\">\u00a0<\/div>\t\t\t\t\t\t<\/div>\n\t\t\t\t<\/div>\n\t\t\t\t\t<\/div>\n\t\t<\/div>\n\t\t\t\t<div class=\"elementor-column elementor-col-50 elementor-top-column elementor-element elementor-element-9951405\" data-id=\"9951405\" data-element_type=\"column\">\n\t\t\t<div class=\"elementor-widget-wrap elementor-element-populated\">\n\t\t\t\t\t\t<div class=\"elementor-element elementor-element-d0cc332 elementor-widget elementor-widget-image\" data-id=\"d0cc332\" data-element_type=\"widget\" data-widget_type=\"image.default\">\n\t\t\t\t<div class=\"elementor-widget-container\">\n\t\t\t\t\t\t\t\t\t\t\t\t\t<img decoding=\"async\" width=\"1024\" height=\"682\" src=\"https:\/\/www.auto-service-busse.de\/wp-content\/uploads\/2019\/03\/schulungsraum-1024x682.jpg\" class=\"attachment-large size-large wp-image-221\" alt=\"\" srcset=\"https:\/\/www.auto-service-busse.de\/wp-content\/uploads\/2019\/03\/schulungsraum-1024x682.jpg 1024w, https:\/\/www.auto-service-busse.de\/wp-content\/uploads\/2019\/03\/schulungsraum-300x200.jpg 300w, https:\/\/www.auto-service-busse.de\/wp-content\/uploads\/2019\/03\/schulungsraum-768x511.jpg 768w, https:\/\/www.auto-service-busse.de\/wp-content\/uploads\/2019\/03\/schulungsraum-830x553.jpg 830w, https:\/\/www.auto-service-busse.de\/wp-content\/uploads\/2019\/03\/schulungsraum-230x153.jpg 230w, https:\/\/www.auto-service-busse.de\/wp-content\/uploads\/2019\/03\/schulungsraum-350x233.jpg 350w, https:\/\/www.auto-service-busse.de\/wp-content\/uploads\/2019\/03\/schulungsraum-480x320.jpg 480w, https:\/\/www.auto-service-busse.de\/wp-content\/uploads\/2019\/03\/schulungsraum-272x182.jpg 272w, https:\/\/www.auto-service-busse.de\/wp-content\/uploads\/2019\/03\/schulungsraum.jpg 1122w\" sizes=\"(max-width: 1024px) 100vw, 1024px\" \/>\t\t\t\t\t\t\t\t\t\t\t\t\t<\/div>\n\t\t\t\t<\/div>\n\t\t\t\t\t<\/div>\n\t\t<\/div>\n\t\t\t\t\t<\/div>\n\t\t<\/section>\n\t\t\t\t<\/div>\n\t\t","protected":false},"excerpt":{"rendered":"<p>\u00a0 \u00dcber uns Im Jahre 2016 feierten wir unser 40-j\u00e4hriges Firmenjubil\u00e4um. In der Vergangenheit haben wir uns eine Kompetenz aufgebaut in den Bereichen: Allgemeiner KFZ-ServiceUnfall- und KarosserieinstandsetzungEinbrennlackierungenAuf dem Firmengel\u00e4nde in K\u00f6ln Porz-Lind (N\u00e4he Flughafen K\u00f6ln-Bonn) stehen ca. 3000 m\u00b2 Hallenfl\u00e4che, ausgestattet mit modernsten Werkstatt- und Pr\u00fcfeinrichtungen, f\u00fcr die unterschiedlichsten Arbeiten &#8222;rund um&#8217;s Auto&#8220; zur Verf\u00fcgung. [&hellip;]<\/p>\n","protected":false},"author":1,"featured_media":0,"parent":0,"menu_order":0,"comment_status":"closed","ping_status":"closed","template":"page-templates\/page_front-page.php","meta":{"footnotes":""},"class_list":["post-10","page","type-page","status-publish","hentry"],"yoast_head":"<!-- This site is optimized with the Yoast SEO plugin v23.9 - https:\/\/yoast.com\/wordpress\/plugins\/seo\/ -->\n<title>\u00dcber uns - Auto-Service-Busse<\/title>\n<meta name=\"robots\" content=\"index, follow, max-snippet:-1, max-image-preview:large, max-video-preview:-1\" \/>\n<link rel=\"canonical\" href=\"https:\/\/www.auto-service-busse.de\/startseite\/ueber-uns\/\" \/>\n<meta property=\"og:locale\" content=\"de_DE\" \/>\n<meta property=\"og:type\" content=\"article\" \/>\n<meta property=\"og:title\" content=\"\u00dcber uns - Auto-Service-Busse\" \/>\n<meta property=\"og:description\" content=\"\u00a0 \u00dcber uns Im Jahre 2016 feierten wir unser 40-j\u00e4hriges Firmenjubil\u00e4um. In der Vergangenheit haben wir uns eine Kompetenz aufgebaut in den Bereichen: Allgemeiner KFZ-ServiceUnfall- und KarosserieinstandsetzungEinbrennlackierungenAuf dem Firmengel\u00e4nde in K\u00f6ln Porz-Lind (N\u00e4he Flughafen K\u00f6ln-Bonn) stehen ca. 3000 m\u00b2 Hallenfl\u00e4che, ausgestattet mit modernsten Werkstatt- und Pr\u00fcfeinrichtungen, f\u00fcr die unterschiedlichsten Arbeiten &#8222;rund um&#8217;s Auto&#8220; zur Verf\u00fcgung. [&hellip;]\" \/>\n<meta property=\"og:url\" content=\"https:\/\/www.auto-service-busse.de\/startseite\/ueber-uns\/\" \/>\n<meta property=\"og:site_name\" content=\"Auto-Service-Busse\" \/>\n<meta property=\"article:modified_time\" content=\"2021-08-09T17:56:28+00:00\" \/>\n<meta property=\"og:image\" content=\"http:\/\/www.auto-service-busse.de\/wp-content\/uploads\/2019\/02\/DSC00770_r.jpg\" \/>\n<meta name=\"twitter:card\" content=\"summary_large_image\" \/>\n<meta name=\"twitter:label1\" content=\"Gesch\u00e4tzte Lesezeit\" \/>\n\t<meta name=\"twitter:data1\" content=\"1\u00a0Minute\" \/>\n<script type=\"application\/ld+json\" class=\"yoast-schema-graph\">{\"@context\":\"https:\/\/schema.org\",\"@graph\":[{\"@type\":\"WebPage\",\"@id\":\"https:\/\/www.auto-service-busse.de\/startseite\/ueber-uns\/\",\"url\":\"https:\/\/www.auto-service-busse.de\/startseite\/ueber-uns\/\",\"name\":\"\u00dcber uns - Auto-Service-Busse\",\"isPartOf\":{\"@id\":\"https:\/\/www.auto-service-busse.de\/startseite\/#website\"},\"primaryImageOfPage\":{\"@id\":\"https:\/\/www.auto-service-busse.de\/startseite\/ueber-uns\/#primaryimage\"},\"image\":{\"@id\":\"https:\/\/www.auto-service-busse.de\/startseite\/ueber-uns\/#primaryimage\"},\"thumbnailUrl\":\"http:\/\/www.auto-service-busse.de\/wp-content\/uploads\/2019\/02\/DSC00770_r.jpg\",\"datePublished\":\"2018-06-22T13:56:26+00:00\",\"dateModified\":\"2021-08-09T17:56:28+00:00\",\"breadcrumb\":{\"@id\":\"https:\/\/www.auto-service-busse.de\/startseite\/ueber-uns\/#breadcrumb\"},\"inLanguage\":\"de\",\"potentialAction\":[{\"@type\":\"ReadAction\",\"target\":[\"https:\/\/www.auto-service-busse.de\/startseite\/ueber-uns\/\"]}]},{\"@type\":\"ImageObject\",\"inLanguage\":\"de\",\"@id\":\"https:\/\/www.auto-service-busse.de\/startseite\/ueber-uns\/#primaryimage\",\"url\":\"http:\/\/www.auto-service-busse.de\/wp-content\/uploads\/2019\/02\/DSC00770_r.jpg\",\"contentUrl\":\"http:\/\/www.auto-service-busse.de\/wp-content\/uploads\/2019\/02\/DSC00770_r.jpg\"},{\"@type\":\"BreadcrumbList\",\"@id\":\"https:\/\/www.auto-service-busse.de\/startseite\/ueber-uns\/#breadcrumb\",\"itemListElement\":[{\"@type\":\"ListItem\",\"position\":1,\"name\":\"Startseite\",\"item\":\"https:\/\/www.auto-service-busse.de\/startseite\/\"},{\"@type\":\"ListItem\",\"position\":2,\"name\":\"\u00dcber uns\"}]},{\"@type\":\"WebSite\",\"@id\":\"https:\/\/www.auto-service-busse.de\/startseite\/#website\",\"url\":\"https:\/\/www.auto-service-busse.de\/startseite\/\",\"name\":\"Auto-Service-Busse\",\"description\":\"Ihr Partner in K\u00f6ln Porz Lind\",\"publisher\":{\"@id\":\"https:\/\/www.auto-service-busse.de\/startseite\/#organization\"},\"potentialAction\":[{\"@type\":\"SearchAction\",\"target\":{\"@type\":\"EntryPoint\",\"urlTemplate\":\"https:\/\/www.auto-service-busse.de\/startseite\/?s={search_term_string}\"},\"query-input\":{\"@type\":\"PropertyValueSpecification\",\"valueRequired\":true,\"valueName\":\"search_term_string\"}}],\"inLanguage\":\"de\"},{\"@type\":\"Organization\",\"@id\":\"https:\/\/www.auto-service-busse.de\/startseite\/#organization\",\"name\":\"Auto-Service-Busse\",\"url\":\"https:\/\/www.auto-service-busse.de\/startseite\/\",\"logo\":{\"@type\":\"ImageObject\",\"inLanguage\":\"de\",\"@id\":\"https:\/\/www.auto-service-busse.de\/startseite\/#\/schema\/logo\/image\/\",\"url\":\"https:\/\/www.auto-service-busse.de\/wp-content\/uploads\/2018\/06\/logo-klein.png\",\"contentUrl\":\"https:\/\/www.auto-service-busse.de\/wp-content\/uploads\/2018\/06\/logo-klein.png\",\"width\":512,\"height\":531,\"caption\":\"Auto-Service-Busse\"},\"image\":{\"@id\":\"https:\/\/www.auto-service-busse.de\/startseite\/#\/schema\/logo\/image\/\"}}]}<\/script>\n<!-- \/ Yoast SEO plugin. -->","yoast_head_json":{"title":"\u00dcber uns - Auto-Service-Busse","robots":{"index":"index","follow":"follow","max-snippet":"max-snippet:-1","max-image-preview":"max-image-preview:large","max-video-preview":"max-video-preview:-1"},"canonical":"https:\/\/www.auto-service-busse.de\/startseite\/ueber-uns\/","og_locale":"de_DE","og_type":"article","og_title":"\u00dcber uns - Auto-Service-Busse","og_description":"\u00a0 \u00dcber uns Im Jahre 2016 feierten wir unser 40-j\u00e4hriges Firmenjubil\u00e4um. In der Vergangenheit haben wir uns eine Kompetenz aufgebaut in den Bereichen: Allgemeiner KFZ-ServiceUnfall- und KarosserieinstandsetzungEinbrennlackierungenAuf dem Firmengel\u00e4nde in K\u00f6ln Porz-Lind (N\u00e4he Flughafen K\u00f6ln-Bonn) stehen ca. 3000 m\u00b2 Hallenfl\u00e4che, ausgestattet mit modernsten Werkstatt- und Pr\u00fcfeinrichtungen, f\u00fcr die unterschiedlichsten Arbeiten &#8222;rund um&#8217;s Auto&#8220; zur Verf\u00fcgung. [&hellip;]","og_url":"https:\/\/www.auto-service-busse.de\/startseite\/ueber-uns\/","og_site_name":"Auto-Service-Busse","article_modified_time":"2021-08-09T17:56:28+00:00","og_image":[{"url":"http:\/\/www.auto-service-busse.de\/wp-content\/uploads\/2019\/02\/DSC00770_r.jpg"}],"twitter_card":"summary_large_image","twitter_misc":{"Gesch\u00e4tzte Lesezeit":"1\u00a0Minute"},"schema":{"@context":"https:\/\/schema.org","@graph":[{"@type":"WebPage","@id":"https:\/\/www.auto-service-busse.de\/startseite\/ueber-uns\/","url":"https:\/\/www.auto-service-busse.de\/startseite\/ueber-uns\/","name":"\u00dcber uns - Auto-Service-Busse","isPartOf":{"@id":"https:\/\/www.auto-service-busse.de\/startseite\/#website"},"primaryImageOfPage":{"@id":"https:\/\/www.auto-service-busse.de\/startseite\/ueber-uns\/#primaryimage"},"image":{"@id":"https:\/\/www.auto-service-busse.de\/startseite\/ueber-uns\/#primaryimage"},"thumbnailUrl":"http:\/\/www.auto-service-busse.de\/wp-content\/uploads\/2019\/02\/DSC00770_r.jpg","datePublished":"2018-06-22T13:56:26+00:00","dateModified":"2021-08-09T17:56:28+00:00","breadcrumb":{"@id":"https:\/\/www.auto-service-busse.de\/startseite\/ueber-uns\/#breadcrumb"},"inLanguage":"de","potentialAction":[{"@type":"ReadAction","target":["https:\/\/www.auto-service-busse.de\/startseite\/ueber-uns\/"]}]},{"@type":"ImageObject","inLanguage":"de","@id":"https:\/\/www.auto-service-busse.de\/startseite\/ueber-uns\/#primaryimage","url":"http:\/\/www.auto-service-busse.de\/wp-content\/uploads\/2019\/02\/DSC00770_r.jpg","contentUrl":"http:\/\/www.auto-service-busse.de\/wp-content\/uploads\/2019\/02\/DSC00770_r.jpg"},{"@type":"BreadcrumbList","@id":"https:\/\/www.auto-service-busse.de\/startseite\/ueber-uns\/#breadcrumb","itemListElement":[{"@type":"ListItem","position":1,"name":"Startseite","item":"https:\/\/www.auto-service-busse.de\/startseite\/"},{"@type":"ListItem","position":2,"name":"\u00dcber uns"}]},{"@type":"WebSite","@id":"https:\/\/www.auto-service-busse.de\/startseite\/#website","url":"https:\/\/www.auto-service-busse.de\/startseite\/","name":"Auto-Service-Busse","description":"Ihr Partner in K\u00f6ln Porz Lind","publisher":{"@id":"https:\/\/www.auto-service-busse.de\/startseite\/#organization"},"potentialAction":[{"@type":"SearchAction","target":{"@type":"EntryPoint","urlTemplate":"https:\/\/www.auto-service-busse.de\/startseite\/?s={search_term_string}"},"query-input":{"@type":"PropertyValueSpecification","valueRequired":true,"valueName":"search_term_string"}}],"inLanguage":"de"},{"@type":"Organization","@id":"https:\/\/www.auto-service-busse.de\/startseite\/#organization","name":"Auto-Service-Busse","url":"https:\/\/www.auto-service-busse.de\/startseite\/","logo":{"@type":"ImageObject","inLanguage":"de","@id":"https:\/\/www.auto-service-busse.de\/startseite\/#\/schema\/logo\/image\/","url":"https:\/\/www.auto-service-busse.de\/wp-content\/uploads\/2018\/06\/logo-klein.png","contentUrl":"https:\/\/www.auto-service-busse.de\/wp-content\/uploads\/2018\/06\/logo-klein.png","width":512,"height":531,"caption":"Auto-Service-Busse"},"image":{"@id":"https:\/\/www.auto-service-busse.de\/startseite\/#\/schema\/logo\/image\/"}}]}},"_links":{"self":[{"href":"https:\/\/www.auto-service-busse.de\/startseite\/wp-json\/wp\/v2\/pages\/10","targetHints":{"allow":["GET"]}}],"collection":[{"href":"https:\/\/www.auto-service-busse.de\/startseite\/wp-json\/wp\/v2\/pages"}],"about":[{"href":"https:\/\/www.auto-service-busse.de\/startseite\/wp-json\/wp\/v2\/types\/page"}],"author":[{"embeddable":true,"href":"https:\/\/www.auto-service-busse.de\/startseite\/wp-json\/wp\/v2\/users\/1"}],"replies":[{"embeddable":true,"href":"https:\/\/www.auto-service-busse.de\/startseite\/wp-json\/wp\/v2\/comments?post=10"}],"version-history":[{"count":10,"href":"https:\/\/www.auto-service-busse.de\/startseite\/wp-json\/wp\/v2\/pages\/10\/revisions"}],"predecessor-version":[{"id":330,"href":"https:\/\/www.auto-service-busse.de\/startseite\/wp-json\/wp\/v2\/pages\/10\/revisions\/330"}],"wp:attachment":[{"href":"https:\/\/www.auto-service-busse.de\/startseite\/wp-json\/wp\/v2\/media?parent=10"}],"curies":[{"name":"wp","href":"https:\/\/api.w.org\/{rel}","templated":true}]}}