{"id":20,"date":"2018-06-22T15:59:01","date_gmt":"2018-06-22T13:59:01","guid":{"rendered":"http:\/\/www.auto-service-busse.de\/?page_id=20"},"modified":"2019-02-15T12:39:06","modified_gmt":"2019-02-15T11:39:06","slug":"kontakt","status":"publish","type":"page","link":"https:\/\/www.auto-service-busse.de\/startseite\/kontakt\/","title":{"rendered":"Kontakt"},"content":{"rendered":"\t\t<div data-elementor-type=\"wp-post\" data-elementor-id=\"20\" class=\"elementor elementor-20 elementor-bc-flex-widget\">\n\t\t\t\t\t\t<section class=\"elementor-section elementor-top-section elementor-element elementor-element-5c49c3a elementor-section-boxed elementor-section-height-default elementor-section-height-default\" data-id=\"5c49c3a\" data-element_type=\"section\">\n\t\t\t\t\t\t<div class=\"elementor-container elementor-column-gap-default\">\n\t\t\t\t\t<div class=\"elementor-column elementor-col-50 elementor-top-column elementor-element elementor-element-6b39b31\" data-id=\"6b39b31\" data-element_type=\"column\">\n\t\t\t<div class=\"elementor-widget-wrap elementor-element-populated\">\n\t\t\t\t\t\t<div class=\"elementor-element elementor-element-1c97db4 elementor-widget elementor-widget-text-editor\" data-id=\"1c97db4\" data-element_type=\"widget\" data-widget_type=\"text-editor.default\">\n\t\t\t\t<div class=\"elementor-widget-container\">\n\t\t\t\t\t\t\t<h4><span style=\"text-decoration: underline;\"><strong>Kontakt<\/strong><\/span><\/h4><p>Auto-Service Busse GmbH<\/p><p>Karosserie- &amp; Kfz-Fachbetrieb<\/p><p>Niederkasseler Stra\u00dfe 18<\/p><p>51147 K\u00f6ln (Porz-Lind)<\/p><p>in der N\u00e4he des Flughafens K\u00f6ln-Bonn<\/p><p>An der A 59\u00a0 Ausfahrt 36 (Porz-Lind)<\/p><p>\u00a0<\/p><p><strong>Telefon:<\/strong> 02203\u00a0 63759<\/p><p><strong>Telefax:<\/strong> 02203\u00a0 69402<\/p><p>Ihr Ansprechpartner Herr Busse<\/p><p><strong>\u00d6ffnungszeiten<\/strong><\/p><p>Mo-Do. 08.00 Uhr &#8211; 17.00 Uhr<\/p><p>Fr. 08.00 Uhr &#8211; 15.45 Uhr<\/p><p><strong>E-mail:\u00a0<\/strong>info@auto-service-busse.de<\/p>\t\t\t\t\t\t<\/div>\n\t\t\t\t<\/div>\n\t\t\t\t\t<\/div>\n\t\t<\/div>\n\t\t\t\t<div class=\"elementor-column elementor-col-50 elementor-top-column elementor-element elementor-element-e2916c3\" data-id=\"e2916c3\" data-element_type=\"column\">\n\t\t\t<div class=\"elementor-widget-wrap elementor-element-populated\">\n\t\t\t\t\t\t<div class=\"elementor-element elementor-element-bbf011f elementor-widget elementor-widget-google_maps\" data-id=\"bbf011f\" data-element_type=\"widget\" data-widget_type=\"google_maps.default\">\n\t\t\t\t<div class=\"elementor-widget-container\">\n\t\t\t\t\t<div class=\"elementor-custom-embed\">\n\t\t\t<iframe loading=\"lazy\"\n\t\t\t\t\tsrc=\"https:\/\/maps.google.com\/maps?q=Niederkasseler%20Stra%C3%9Fe%2018%20%2051147%20K%C3%B6ln%20%28Porz-Lind%29&#038;t=m&#038;z=13&#038;output=embed&#038;iwloc=near\"\n\t\t\t\t\ttitle=\"Niederkasseler Stra\u00dfe 18  51147 K\u00f6ln (Porz-Lind)\"\n\t\t\t\t\taria-label=\"Niederkasseler Stra\u00dfe 18  51147 K\u00f6ln (Porz-Lind)\"\n\t\t\t><\/iframe>\n\t\t<\/div>\n\t\t\t\t<\/div>\n\t\t\t\t<\/div>\n\t\t\t\t\t<\/div>\n\t\t<\/div>\n\t\t\t\t\t<\/div>\n\t\t<\/section>\n\t\t\t\t<\/div>\n\t\t","protected":false},"excerpt":{"rendered":"<p>Kontakt Auto-Service Busse GmbH Karosserie- &amp; Kfz-Fachbetrieb Niederkasseler Stra\u00dfe 18 51147 K\u00f6ln (Porz-Lind) in der N\u00e4he des Flughafens K\u00f6ln-Bonn An der A 59\u00a0 Ausfahrt 36 (Porz-Lind) \u00a0 Telefon: 02203\u00a0 63759 Telefax: 02203\u00a0 69402 Ihr Ansprechpartner Herr Busse \u00d6ffnungszeiten Mo-Do. 08.00 Uhr &#8211; 17.00 Uhr Fr. 08.00 Uhr &#8211; 15.45 Uhr E-mail:\u00a0info@auto-service-busse.de<\/p>\n","protected":false},"author":1,"featured_media":0,"parent":0,"menu_order":0,"comment_status":"closed","ping_status":"closed","template":"page-templates\/page_front-page.php","meta":{"footnotes":""},"class_list":["post-20","page","type-page","status-publish","hentry"],"yoast_head":"<!-- This site is optimized with the Yoast SEO plugin v23.9 - https:\/\/yoast.com\/wordpress\/plugins\/seo\/ -->\n<title>Kontakt - Auto-Service-Busse<\/title>\n<meta name=\"robots\" content=\"index, follow, max-snippet:-1, max-image-preview:large, max-video-preview:-1\" \/>\n<link rel=\"canonical\" href=\"https:\/\/www.auto-service-busse.de\/startseite\/kontakt\/\" \/>\n<meta property=\"og:locale\" content=\"de_DE\" \/>\n<meta property=\"og:type\" content=\"article\" \/>\n<meta property=\"og:title\" content=\"Kontakt - Auto-Service-Busse\" \/>\n<meta property=\"og:description\" content=\"Kontakt Auto-Service Busse GmbH Karosserie- &amp; Kfz-Fachbetrieb Niederkasseler Stra\u00dfe 18 51147 K\u00f6ln (Porz-Lind) in der N\u00e4he des Flughafens K\u00f6ln-Bonn An der A 59\u00a0 Ausfahrt 36 (Porz-Lind) \u00a0 Telefon: 02203\u00a0 63759 Telefax: 02203\u00a0 69402 Ihr Ansprechpartner Herr Busse \u00d6ffnungszeiten Mo-Do. 08.00 Uhr &#8211; 17.00 Uhr Fr. 08.00 Uhr &#8211; 15.45 Uhr E-mail:\u00a0info@auto-service-busse.de\" \/>\n<meta property=\"og:url\" content=\"https:\/\/www.auto-service-busse.de\/startseite\/kontakt\/\" \/>\n<meta property=\"og:site_name\" content=\"Auto-Service-Busse\" \/>\n<meta property=\"article:modified_time\" content=\"2019-02-15T11:39:06+00:00\" \/>\n<meta name=\"twitter:card\" content=\"summary_large_image\" \/>\n<script type=\"application\/ld+json\" class=\"yoast-schema-graph\">{\"@context\":\"https:\/\/schema.org\",\"@graph\":[{\"@type\":\"WebPage\",\"@id\":\"https:\/\/www.auto-service-busse.de\/startseite\/kontakt\/\",\"url\":\"https:\/\/www.auto-service-busse.de\/startseite\/kontakt\/\",\"name\":\"Kontakt - Auto-Service-Busse\",\"isPartOf\":{\"@id\":\"https:\/\/www.auto-service-busse.de\/startseite\/#website\"},\"datePublished\":\"2018-06-22T13:59:01+00:00\",\"dateModified\":\"2019-02-15T11:39:06+00:00\",\"breadcrumb\":{\"@id\":\"https:\/\/www.auto-service-busse.de\/startseite\/kontakt\/#breadcrumb\"},\"inLanguage\":\"de\",\"potentialAction\":[{\"@type\":\"ReadAction\",\"target\":[\"https:\/\/www.auto-service-busse.de\/startseite\/kontakt\/\"]}]},{\"@type\":\"BreadcrumbList\",\"@id\":\"https:\/\/www.auto-service-busse.de\/startseite\/kontakt\/#breadcrumb\",\"itemListElement\":[{\"@type\":\"ListItem\",\"position\":1,\"name\":\"Startseite\",\"item\":\"https:\/\/www.auto-service-busse.de\/startseite\/\"},{\"@type\":\"ListItem\",\"position\":2,\"name\":\"Kontakt\"}]},{\"@type\":\"WebSite\",\"@id\":\"https:\/\/www.auto-service-busse.de\/startseite\/#website\",\"url\":\"https:\/\/www.auto-service-busse.de\/startseite\/\",\"name\":\"Auto-Service-Busse\",\"description\":\"Ihr Partner in K\u00f6ln Porz Lind\",\"publisher\":{\"@id\":\"https:\/\/www.auto-service-busse.de\/startseite\/#organization\"},\"potentialAction\":[{\"@type\":\"SearchAction\",\"target\":{\"@type\":\"EntryPoint\",\"urlTemplate\":\"https:\/\/www.auto-service-busse.de\/startseite\/?s={search_term_string}\"},\"query-input\":{\"@type\":\"PropertyValueSpecification\",\"valueRequired\":true,\"valueName\":\"search_term_string\"}}],\"inLanguage\":\"de\"},{\"@type\":\"Organization\",\"@id\":\"https:\/\/www.auto-service-busse.de\/startseite\/#organization\",\"name\":\"Auto-Service-Busse\",\"url\":\"https:\/\/www.auto-service-busse.de\/startseite\/\",\"logo\":{\"@type\":\"ImageObject\",\"inLanguage\":\"de\",\"@id\":\"https:\/\/www.auto-service-busse.de\/startseite\/#\/schema\/logo\/image\/\",\"url\":\"https:\/\/www.auto-service-busse.de\/wp-content\/uploads\/2018\/06\/logo-klein.png\",\"contentUrl\":\"https:\/\/www.auto-service-busse.de\/wp-content\/uploads\/2018\/06\/logo-klein.png\",\"width\":512,\"height\":531,\"caption\":\"Auto-Service-Busse\"},\"image\":{\"@id\":\"https:\/\/www.auto-service-busse.de\/startseite\/#\/schema\/logo\/image\/\"}}]}<\/script>\n<!-- \/ Yoast SEO plugin. -->","yoast_head_json":{"title":"Kontakt - Auto-Service-Busse","robots":{"index":"index","follow":"follow","max-snippet":"max-snippet:-1","max-image-preview":"max-image-preview:large","max-video-preview":"max-video-preview:-1"},"canonical":"https:\/\/www.auto-service-busse.de\/startseite\/kontakt\/","og_locale":"de_DE","og_type":"article","og_title":"Kontakt - Auto-Service-Busse","og_description":"Kontakt Auto-Service Busse GmbH Karosserie- &amp; Kfz-Fachbetrieb Niederkasseler Stra\u00dfe 18 51147 K\u00f6ln (Porz-Lind) in der N\u00e4he des Flughafens K\u00f6ln-Bonn An der A 59\u00a0 Ausfahrt 36 (Porz-Lind) \u00a0 Telefon: 02203\u00a0 63759 Telefax: 02203\u00a0 69402 Ihr Ansprechpartner Herr Busse \u00d6ffnungszeiten Mo-Do. 08.00 Uhr &#8211; 17.00 Uhr Fr. 08.00 Uhr &#8211; 15.45 Uhr E-mail:\u00a0info@auto-service-busse.de","og_url":"https:\/\/www.auto-service-busse.de\/startseite\/kontakt\/","og_site_name":"Auto-Service-Busse","article_modified_time":"2019-02-15T11:39:06+00:00","twitter_card":"summary_large_image","schema":{"@context":"https:\/\/schema.org","@graph":[{"@type":"WebPage","@id":"https:\/\/www.auto-service-busse.de\/startseite\/kontakt\/","url":"https:\/\/www.auto-service-busse.de\/startseite\/kontakt\/","name":"Kontakt - Auto-Service-Busse","isPartOf":{"@id":"https:\/\/www.auto-service-busse.de\/startseite\/#website"},"datePublished":"2018-06-22T13:59:01+00:00","dateModified":"2019-02-15T11:39:06+00:00","breadcrumb":{"@id":"https:\/\/www.auto-service-busse.de\/startseite\/kontakt\/#breadcrumb"},"inLanguage":"de","potentialAction":[{"@type":"ReadAction","target":["https:\/\/www.auto-service-busse.de\/startseite\/kontakt\/"]}]},{"@type":"BreadcrumbList","@id":"https:\/\/www.auto-service-busse.de\/startseite\/kontakt\/#breadcrumb","itemListElement":[{"@type":"ListItem","position":1,"name":"Startseite","item":"https:\/\/www.auto-service-busse.de\/startseite\/"},{"@type":"ListItem","position":2,"name":"Kontakt"}]},{"@type":"WebSite","@id":"https:\/\/www.auto-service-busse.de\/startseite\/#website","url":"https:\/\/www.auto-service-busse.de\/startseite\/","name":"Auto-Service-Busse","description":"Ihr Partner in K\u00f6ln Porz Lind","publisher":{"@id":"https:\/\/www.auto-service-busse.de\/startseite\/#organization"},"potentialAction":[{"@type":"SearchAction","target":{"@type":"EntryPoint","urlTemplate":"https:\/\/www.auto-service-busse.de\/startseite\/?s={search_term_string}"},"query-input":{"@type":"PropertyValueSpecification","valueRequired":true,"valueName":"search_term_string"}}],"inLanguage":"de"},{"@type":"Organization","@id":"https:\/\/www.auto-service-busse.de\/startseite\/#organization","name":"Auto-Service-Busse","url":"https:\/\/www.auto-service-busse.de\/startseite\/","logo":{"@type":"ImageObject","inLanguage":"de","@id":"https:\/\/www.auto-service-busse.de\/startseite\/#\/schema\/logo\/image\/","url":"https:\/\/www.auto-service-busse.de\/wp-content\/uploads\/2018\/06\/logo-klein.png","contentUrl":"https:\/\/www.auto-service-busse.de\/wp-content\/uploads\/2018\/06\/logo-klein.png","width":512,"height":531,"caption":"Auto-Service-Busse"},"image":{"@id":"https:\/\/www.auto-service-busse.de\/startseite\/#\/schema\/logo\/image\/"}}]}},"_links":{"self":[{"href":"https:\/\/www.auto-service-busse.de\/startseite\/wp-json\/wp\/v2\/pages\/20","targetHints":{"allow":["GET"]}}],"collection":[{"href":"https:\/\/www.auto-service-busse.de\/startseite\/wp-json\/wp\/v2\/pages"}],"about":[{"href":"https:\/\/www.auto-service-busse.de\/startseite\/wp-json\/wp\/v2\/types\/page"}],"author":[{"embeddable":true,"href":"https:\/\/www.auto-service-busse.de\/startseite\/wp-json\/wp\/v2\/users\/1"}],"replies":[{"embeddable":true,"href":"https:\/\/www.auto-service-busse.de\/startseite\/wp-json\/wp\/v2\/comments?post=20"}],"version-history":[{"count":6,"href":"https:\/\/www.auto-service-busse.de\/startseite\/wp-json\/wp\/v2\/pages\/20\/revisions"}],"predecessor-version":[{"id":213,"href":"https:\/\/www.auto-service-busse.de\/startseite\/wp-json\/wp\/v2\/pages\/20\/revisions\/213"}],"wp:attachment":[{"href":"https:\/\/www.auto-service-busse.de\/startseite\/wp-json\/wp\/v2\/media?parent=20"}],"curies":[{"name":"wp","href":"https:\/\/api.w.org\/{rel}","templated":true}]}}