{"id":254,"date":"2019-04-04T18:13:46","date_gmt":"2019-04-04T16:13:46","guid":{"rendered":"http:\/\/www.auto-service-busse.de\/startseite\/?page_id=254"},"modified":"2019-04-08T10:46:41","modified_gmt":"2019-04-08T08:46:41","slug":"bewerbung","status":"publish","type":"page","link":"https:\/\/www.auto-service-busse.de\/startseite\/bewerbung\/","title":{"rendered":"Bewerbung"},"content":{"rendered":"\t\t<div data-elementor-type=\"wp-post\" data-elementor-id=\"254\" class=\"elementor elementor-254\">\n\t\t\t\t\t\t<section class=\"elementor-section elementor-top-section elementor-element elementor-element-b615a48 elementor-section-boxed elementor-section-height-default elementor-section-height-default\" data-id=\"b615a48\" data-element_type=\"section\">\n\t\t\t\t\t\t<div class=\"elementor-container elementor-column-gap-default\">\n\t\t\t\t\t<div class=\"elementor-column elementor-col-100 elementor-top-column elementor-element elementor-element-8c1a7b8\" data-id=\"8c1a7b8\" data-element_type=\"column\">\n\t\t\t<div class=\"elementor-widget-wrap elementor-element-populated\">\n\t\t\t\t\t\t<div class=\"elementor-element elementor-element-d7fdcbd elementor-widget elementor-widget-image\" data-id=\"d7fdcbd\" data-element_type=\"widget\" data-widget_type=\"image.default\">\n\t\t\t\t<div class=\"elementor-widget-container\">\n\t\t\t\t\t\t\t\t\t\t\t\t\t<img fetchpriority=\"high\" decoding=\"async\" width=\"640\" height=\"426\" src=\"https:\/\/www.auto-service-busse.de\/wp-content\/uploads\/2019\/04\/Bild6.jpg\" class=\"attachment-large size-large wp-image-282\" alt=\"\" srcset=\"https:\/\/www.auto-service-busse.de\/wp-content\/uploads\/2019\/04\/Bild6.jpg 640w, https:\/\/www.auto-service-busse.de\/wp-content\/uploads\/2019\/04\/Bild6-300x200.jpg 300w, https:\/\/www.auto-service-busse.de\/wp-content\/uploads\/2019\/04\/Bild6-230x153.jpg 230w, https:\/\/www.auto-service-busse.de\/wp-content\/uploads\/2019\/04\/Bild6-350x233.jpg 350w, https:\/\/www.auto-service-busse.de\/wp-content\/uploads\/2019\/04\/Bild6-480x320.jpg 480w, https:\/\/www.auto-service-busse.de\/wp-content\/uploads\/2019\/04\/Bild6-272x182.jpg 272w\" sizes=\"(max-width: 640px) 100vw, 640px\" \/>\t\t\t\t\t\t\t\t\t\t\t\t\t<\/div>\n\t\t\t\t<\/div>\n\t\t\t\t\t<\/div>\n\t\t<\/div>\n\t\t\t\t\t<\/div>\n\t\t<\/section>\n\t\t\t\t<section class=\"elementor-section elementor-top-section elementor-element elementor-element-69a547d elementor-section-boxed elementor-section-height-default elementor-section-height-default\" data-id=\"69a547d\" data-element_type=\"section\">\n\t\t\t\t\t\t<div class=\"elementor-container elementor-column-gap-default\">\n\t\t\t\t\t<div class=\"elementor-column elementor-col-100 elementor-top-column elementor-element elementor-element-bc32f84\" data-id=\"bc32f84\" data-element_type=\"column\">\n\t\t\t<div class=\"elementor-widget-wrap elementor-element-populated\">\n\t\t\t\t\t\t<div class=\"elementor-element elementor-element-8c5514b elementor-widget elementor-widget-text-editor\" data-id=\"8c5514b\" data-element_type=\"widget\" data-widget_type=\"text-editor.default\">\n\t\t\t\t<div class=\"elementor-widget-container\">\n\t\t\t\t\t\t\t<p class=\"MsoNormal\"><span style=\"font-family: 'Segoe UI Emoji',sans-serif; mso-fareast-font-family: 'Times New Roman'; mso-bidi-font-family: 'Segoe UI Emoji';\"><img decoding=\"async\" class=\"emoji\" draggable=\"false\" src=\"https:\/\/s.w.org\/images\/core\/emoji\/11.2.0\/svg\/1f6a8.svg\" alt=\"\ud83d\udea8\" \/><\/span>*** Auto Service Busse sucht DICH! ***<span style=\"font-family: 'Segoe UI Emoji',sans-serif; mso-fareast-font-family: 'Times New Roman'; mso-bidi-font-family: 'Segoe UI Emoji';\"><img decoding=\"async\" class=\"emoji\" draggable=\"false\" src=\"https:\/\/s.w.org\/images\/core\/emoji\/11.2.0\/svg\/1f6a8.svg\" alt=\"\ud83d\udea8\" \/><\/span><\/p><p class=\"MsoNormal\">\u00a0<\/p><p class=\"MsoNormal\">Wir suchen f\u00fcr unseren Karosserie &amp; KFZ Fachbetrieb in K\u00f6ln-Porz-Lind ab sofort erfahrene KFZ-Mechatroniker, Karosseriebauer, Lackierer, Fahrzeugpfleger und Autoverglaser.<\/p><p class=\"MsoNormal\">\u00a0<\/p><p class=\"MsoNormal\">Wir bieten Euch einen interessanten und abwechslungsreichen Arbeitsplatz in einem erfahrenen und dynamischen Unternehmen mit einem hohen Ma\u00df an Qualit\u00e4tsbewusstsein.\u00a0<\/p><p class=\"MsoNormal\">Der Abschluss einer Berufsausbildung als Kraftfahrzeugmechatroniker oder Karosseriebauer bildet daher die Grundvoraussetzung.<\/p><p class=\"MsoNormal\">Mehrj\u00e4hrige Berufserfahrung in einer dieser Bereiche ist nat\u00fcrlich w\u00fcnschenswert, aber f\u00fcr uns kein muss.<\/p><p class=\"MsoNormal\">\u00a0<\/p><p class=\"MsoNormal\">Wir sind ein EUROGARANT-Fachbetrieb und sind dar\u00fcber hinaus eine durch den T\u00dcV- bzw. DEKRA gepr\u00fcfte Fachwerkstatt f\u00fcr alle Fabrikate.<\/p><p class=\"MsoNormal\">\u00a0<\/p><p class=\"MsoNormal\"><span style=\"font-family: 'Segoe UI Emoji',sans-serif; mso-fareast-font-family: 'Times New Roman'; mso-bidi-font-family: 'Segoe UI Emoji';\"><img decoding=\"async\" class=\"emoji\" draggable=\"false\" src=\"https:\/\/s.w.org\/images\/core\/emoji\/11.2.0\/svg\/27a1.svg\" alt=\"\u27a1\ufe0f\" \/><\/span> Wir bieten dir:\u00a0<\/p><p class=\"MsoNormal\">&#8211; Ein abwechslungsreiches und famili\u00e4res Arbeitsumfeld in einem dynamischen Team<\/p><p class=\"MsoNormal\">&#8211; Leistungsorientierte und faire Bezahlung<\/p><p class=\"MsoNormal\">&#8211; Attraktive Weiterbildungsm\u00f6glichkeiten<\/p><p class=\"MsoNormal\">&#8211; Kostenlose Bereitstellung der pers\u00f6nlichen Arbeitsschutzkleidung<\/p><p class=\"MsoNormal\">&#8211; Die neuste Fahrzeugdiagnose Software von Bosch und sehr hochwertige Werkzeuge<\/p><p class=\"MsoNormal\">&#8211; Arbeitsplatz Sicherheit<\/p><p class=\"MsoNormal\">\u00a0<\/p><p class=\"MsoNormal\"><span style=\"font-family: 'Segoe UI Emoji',sans-serif; mso-fareast-font-family: 'Times New Roman'; mso-bidi-font-family: 'Segoe UI Emoji';\"><img decoding=\"async\" class=\"emoji\" draggable=\"false\" src=\"https:\/\/s.w.org\/images\/core\/emoji\/11.2.0\/svg\/27a1.svg\" alt=\"\u27a1\ufe0f\" \/><\/span> Wir erwarten von dir:<\/p><p class=\"MsoNormal\">&#8211; Gute k\u00f6rperliche Konstitution und Belastbarkeit<\/p><p class=\"MsoNormal\">&#8211; Fachliche Kompetenz in den Bereichen KFZ Reparatur und Service<\/p><p class=\"MsoNormal\">&#8211; Flie\u00dfendes Deutsch in Wort und Schrift<\/p><p class=\"MsoNormal\">&#8211; Zuverl\u00e4ssige, selbstst\u00e4ndige Arbeitsweise<\/p><p class=\"MsoNormal\">&#8211; Flexibilit\u00e4t und ein hohes Ma\u00df an pers\u00f6nlichem Engagement<\/p><p class=\"MsoNormal\">&#8211; Ordnungsbewusstes und sauberes Arbeiten<\/p><p class=\"MsoNormal\">&#8211; P\u00fcnktlichkeit\u00a0<\/p><p class=\"MsoNormal\">\u00a0<\/p><p class=\"MsoNormal\">Sollten wir nun dein Interesse geweckt haben, dann sende uns deine vollst\u00e4ndigen Bewerbungsunterlagen (Bewerbunsschreiben, Lebenslauf mit Lichtbild) per Post oder vorzugsweise per Email an:<\/p><p class=\"MsoNormal\">\u00a0<\/p><p class=\"MsoNormal\"><span style=\"font-family: 'Segoe UI Emoji',sans-serif; mso-fareast-font-family: 'Times New Roman'; mso-bidi-font-family: 'Segoe UI Emoji';\"><img decoding=\"async\" class=\"emoji\" draggable=\"false\" src=\"https:\/\/s.w.org\/images\/core\/emoji\/11.2.0\/svg\/2709.svg\" alt=\"\u2709\ufe0f\" \/><\/span> <a href=\"mailto:info@auto-service-busse.de\">info@auto-service-busse.de<\/a>\u00a0 \u00a0 \u00a0 \u00a0 \u00a0<\/p><p>\u00a0<\/p><p class=\"MsoNormal\">\u00a0<\/p>\t\t\t\t\t\t<\/div>\n\t\t\t\t<\/div>\n\t\t\t\t\t<\/div>\n\t\t<\/div>\n\t\t\t\t\t<\/div>\n\t\t<\/section>\n\t\t\t\t<\/div>\n\t\t","protected":false},"excerpt":{"rendered":"<p>*** Auto Service Busse sucht DICH! *** \u00a0 Wir suchen f\u00fcr unseren Karosserie &amp; KFZ Fachbetrieb in K\u00f6ln-Porz-Lind ab sofort erfahrene KFZ-Mechatroniker, Karosseriebauer, Lackierer, Fahrzeugpfleger und Autoverglaser. \u00a0 Wir bieten Euch einen interessanten und abwechslungsreichen Arbeitsplatz in einem erfahrenen und dynamischen Unternehmen mit einem hohen Ma\u00df an Qualit\u00e4tsbewusstsein.\u00a0 Der Abschluss einer Berufsausbildung als Kraftfahrzeugmechatroniker oder [&hellip;]<\/p>\n","protected":false},"author":1,"featured_media":0,"parent":0,"menu_order":0,"comment_status":"closed","ping_status":"closed","template":"elementor_header_footer","meta":{"footnotes":""},"class_list":["post-254","page","type-page","status-publish","hentry"],"yoast_head":"<!-- This site is optimized with the Yoast SEO plugin v23.9 - https:\/\/yoast.com\/wordpress\/plugins\/seo\/ -->\n<title>Bewerbung - Auto-Service-Busse<\/title>\n<meta name=\"robots\" content=\"index, follow, max-snippet:-1, max-image-preview:large, max-video-preview:-1\" \/>\n<link rel=\"canonical\" href=\"https:\/\/www.auto-service-busse.de\/startseite\/bewerbung\/\" \/>\n<meta property=\"og:locale\" content=\"de_DE\" \/>\n<meta property=\"og:type\" content=\"article\" \/>\n<meta property=\"og:title\" content=\"Bewerbung - Auto-Service-Busse\" \/>\n<meta property=\"og:description\" content=\"*** Auto Service Busse sucht DICH! *** \u00a0 Wir suchen f\u00fcr unseren Karosserie &amp; KFZ Fachbetrieb in K\u00f6ln-Porz-Lind ab sofort erfahrene KFZ-Mechatroniker, Karosseriebauer, Lackierer, Fahrzeugpfleger und Autoverglaser. \u00a0 Wir bieten Euch einen interessanten und abwechslungsreichen Arbeitsplatz in einem erfahrenen und dynamischen Unternehmen mit einem hohen Ma\u00df an Qualit\u00e4tsbewusstsein.\u00a0 Der Abschluss einer Berufsausbildung als Kraftfahrzeugmechatroniker oder [&hellip;]\" \/>\n<meta property=\"og:url\" content=\"https:\/\/www.auto-service-busse.de\/startseite\/bewerbung\/\" \/>\n<meta property=\"og:site_name\" content=\"Auto-Service-Busse\" \/>\n<meta property=\"article:modified_time\" content=\"2019-04-08T08:46:41+00:00\" \/>\n<meta property=\"og:image\" content=\"http:\/\/www.auto-service-busse.de\/wp-content\/uploads\/2019\/04\/Bild6.jpg\" \/>\n<meta name=\"twitter:card\" content=\"summary_large_image\" \/>\n<meta name=\"twitter:label1\" content=\"Gesch\u00e4tzte Lesezeit\" \/>\n\t<meta name=\"twitter:data1\" content=\"1\u00a0Minute\" \/>\n<script type=\"application\/ld+json\" class=\"yoast-schema-graph\">{\"@context\":\"https:\/\/schema.org\",\"@graph\":[{\"@type\":\"WebPage\",\"@id\":\"https:\/\/www.auto-service-busse.de\/startseite\/bewerbung\/\",\"url\":\"https:\/\/www.auto-service-busse.de\/startseite\/bewerbung\/\",\"name\":\"Bewerbung - Auto-Service-Busse\",\"isPartOf\":{\"@id\":\"https:\/\/www.auto-service-busse.de\/startseite\/#website\"},\"primaryImageOfPage\":{\"@id\":\"https:\/\/www.auto-service-busse.de\/startseite\/bewerbung\/#primaryimage\"},\"image\":{\"@id\":\"https:\/\/www.auto-service-busse.de\/startseite\/bewerbung\/#primaryimage\"},\"thumbnailUrl\":\"http:\/\/www.auto-service-busse.de\/wp-content\/uploads\/2019\/04\/Bild6.jpg\",\"datePublished\":\"2019-04-04T16:13:46+00:00\",\"dateModified\":\"2019-04-08T08:46:41+00:00\",\"breadcrumb\":{\"@id\":\"https:\/\/www.auto-service-busse.de\/startseite\/bewerbung\/#breadcrumb\"},\"inLanguage\":\"de\",\"potentialAction\":[{\"@type\":\"ReadAction\",\"target\":[\"https:\/\/www.auto-service-busse.de\/startseite\/bewerbung\/\"]}]},{\"@type\":\"ImageObject\",\"inLanguage\":\"de\",\"@id\":\"https:\/\/www.auto-service-busse.de\/startseite\/bewerbung\/#primaryimage\",\"url\":\"http:\/\/www.auto-service-busse.de\/wp-content\/uploads\/2019\/04\/Bild6.jpg\",\"contentUrl\":\"http:\/\/www.auto-service-busse.de\/wp-content\/uploads\/2019\/04\/Bild6.jpg\"},{\"@type\":\"BreadcrumbList\",\"@id\":\"https:\/\/www.auto-service-busse.de\/startseite\/bewerbung\/#breadcrumb\",\"itemListElement\":[{\"@type\":\"ListItem\",\"position\":1,\"name\":\"Startseite\",\"item\":\"https:\/\/www.auto-service-busse.de\/startseite\/\"},{\"@type\":\"ListItem\",\"position\":2,\"name\":\"Bewerbung\"}]},{\"@type\":\"WebSite\",\"@id\":\"https:\/\/www.auto-service-busse.de\/startseite\/#website\",\"url\":\"https:\/\/www.auto-service-busse.de\/startseite\/\",\"name\":\"Auto-Service-Busse\",\"description\":\"Ihr Partner in K\u00f6ln Porz Lind\",\"publisher\":{\"@id\":\"https:\/\/www.auto-service-busse.de\/startseite\/#organization\"},\"potentialAction\":[{\"@type\":\"SearchAction\",\"target\":{\"@type\":\"EntryPoint\",\"urlTemplate\":\"https:\/\/www.auto-service-busse.de\/startseite\/?s={search_term_string}\"},\"query-input\":{\"@type\":\"PropertyValueSpecification\",\"valueRequired\":true,\"valueName\":\"search_term_string\"}}],\"inLanguage\":\"de\"},{\"@type\":\"Organization\",\"@id\":\"https:\/\/www.auto-service-busse.de\/startseite\/#organization\",\"name\":\"Auto-Service-Busse\",\"url\":\"https:\/\/www.auto-service-busse.de\/startseite\/\",\"logo\":{\"@type\":\"ImageObject\",\"inLanguage\":\"de\",\"@id\":\"https:\/\/www.auto-service-busse.de\/startseite\/#\/schema\/logo\/image\/\",\"url\":\"https:\/\/www.auto-service-busse.de\/wp-content\/uploads\/2018\/06\/logo-klein.png\",\"contentUrl\":\"https:\/\/www.auto-service-busse.de\/wp-content\/uploads\/2018\/06\/logo-klein.png\",\"width\":512,\"height\":531,\"caption\":\"Auto-Service-Busse\"},\"image\":{\"@id\":\"https:\/\/www.auto-service-busse.de\/startseite\/#\/schema\/logo\/image\/\"}}]}<\/script>\n<!-- \/ Yoast SEO plugin. -->","yoast_head_json":{"title":"Bewerbung - Auto-Service-Busse","robots":{"index":"index","follow":"follow","max-snippet":"max-snippet:-1","max-image-preview":"max-image-preview:large","max-video-preview":"max-video-preview:-1"},"canonical":"https:\/\/www.auto-service-busse.de\/startseite\/bewerbung\/","og_locale":"de_DE","og_type":"article","og_title":"Bewerbung - Auto-Service-Busse","og_description":"*** Auto Service Busse sucht DICH! *** \u00a0 Wir suchen f\u00fcr unseren Karosserie &amp; KFZ Fachbetrieb in K\u00f6ln-Porz-Lind ab sofort erfahrene KFZ-Mechatroniker, Karosseriebauer, Lackierer, Fahrzeugpfleger und Autoverglaser. \u00a0 Wir bieten Euch einen interessanten und abwechslungsreichen Arbeitsplatz in einem erfahrenen und dynamischen Unternehmen mit einem hohen Ma\u00df an Qualit\u00e4tsbewusstsein.\u00a0 Der Abschluss einer Berufsausbildung als Kraftfahrzeugmechatroniker oder [&hellip;]","og_url":"https:\/\/www.auto-service-busse.de\/startseite\/bewerbung\/","og_site_name":"Auto-Service-Busse","article_modified_time":"2019-04-08T08:46:41+00:00","og_image":[{"url":"http:\/\/www.auto-service-busse.de\/wp-content\/uploads\/2019\/04\/Bild6.jpg"}],"twitter_card":"summary_large_image","twitter_misc":{"Gesch\u00e4tzte Lesezeit":"1\u00a0Minute"},"schema":{"@context":"https:\/\/schema.org","@graph":[{"@type":"WebPage","@id":"https:\/\/www.auto-service-busse.de\/startseite\/bewerbung\/","url":"https:\/\/www.auto-service-busse.de\/startseite\/bewerbung\/","name":"Bewerbung - Auto-Service-Busse","isPartOf":{"@id":"https:\/\/www.auto-service-busse.de\/startseite\/#website"},"primaryImageOfPage":{"@id":"https:\/\/www.auto-service-busse.de\/startseite\/bewerbung\/#primaryimage"},"image":{"@id":"https:\/\/www.auto-service-busse.de\/startseite\/bewerbung\/#primaryimage"},"thumbnailUrl":"http:\/\/www.auto-service-busse.de\/wp-content\/uploads\/2019\/04\/Bild6.jpg","datePublished":"2019-04-04T16:13:46+00:00","dateModified":"2019-04-08T08:46:41+00:00","breadcrumb":{"@id":"https:\/\/www.auto-service-busse.de\/startseite\/bewerbung\/#breadcrumb"},"inLanguage":"de","potentialAction":[{"@type":"ReadAction","target":["https:\/\/www.auto-service-busse.de\/startseite\/bewerbung\/"]}]},{"@type":"ImageObject","inLanguage":"de","@id":"https:\/\/www.auto-service-busse.de\/startseite\/bewerbung\/#primaryimage","url":"http:\/\/www.auto-service-busse.de\/wp-content\/uploads\/2019\/04\/Bild6.jpg","contentUrl":"http:\/\/www.auto-service-busse.de\/wp-content\/uploads\/2019\/04\/Bild6.jpg"},{"@type":"BreadcrumbList","@id":"https:\/\/www.auto-service-busse.de\/startseite\/bewerbung\/#breadcrumb","itemListElement":[{"@type":"ListItem","position":1,"name":"Startseite","item":"https:\/\/www.auto-service-busse.de\/startseite\/"},{"@type":"ListItem","position":2,"name":"Bewerbung"}]},{"@type":"WebSite","@id":"https:\/\/www.auto-service-busse.de\/startseite\/#website","url":"https:\/\/www.auto-service-busse.de\/startseite\/","name":"Auto-Service-Busse","description":"Ihr Partner in K\u00f6ln Porz Lind","publisher":{"@id":"https:\/\/www.auto-service-busse.de\/startseite\/#organization"},"potentialAction":[{"@type":"SearchAction","target":{"@type":"EntryPoint","urlTemplate":"https:\/\/www.auto-service-busse.de\/startseite\/?s={search_term_string}"},"query-input":{"@type":"PropertyValueSpecification","valueRequired":true,"valueName":"search_term_string"}}],"inLanguage":"de"},{"@type":"Organization","@id":"https:\/\/www.auto-service-busse.de\/startseite\/#organization","name":"Auto-Service-Busse","url":"https:\/\/www.auto-service-busse.de\/startseite\/","logo":{"@type":"ImageObject","inLanguage":"de","@id":"https:\/\/www.auto-service-busse.de\/startseite\/#\/schema\/logo\/image\/","url":"https:\/\/www.auto-service-busse.de\/wp-content\/uploads\/2018\/06\/logo-klein.png","contentUrl":"https:\/\/www.auto-service-busse.de\/wp-content\/uploads\/2018\/06\/logo-klein.png","width":512,"height":531,"caption":"Auto-Service-Busse"},"image":{"@id":"https:\/\/www.auto-service-busse.de\/startseite\/#\/schema\/logo\/image\/"}}]}},"_links":{"self":[{"href":"https:\/\/www.auto-service-busse.de\/startseite\/wp-json\/wp\/v2\/pages\/254","targetHints":{"allow":["GET"]}}],"collection":[{"href":"https:\/\/www.auto-service-busse.de\/startseite\/wp-json\/wp\/v2\/pages"}],"about":[{"href":"https:\/\/www.auto-service-busse.de\/startseite\/wp-json\/wp\/v2\/types\/page"}],"author":[{"embeddable":true,"href":"https:\/\/www.auto-service-busse.de\/startseite\/wp-json\/wp\/v2\/users\/1"}],"replies":[{"embeddable":true,"href":"https:\/\/www.auto-service-busse.de\/startseite\/wp-json\/wp\/v2\/comments?post=254"}],"version-history":[{"count":7,"href":"https:\/\/www.auto-service-busse.de\/startseite\/wp-json\/wp\/v2\/pages\/254\/revisions"}],"predecessor-version":[{"id":283,"href":"https:\/\/www.auto-service-busse.de\/startseite\/wp-json\/wp\/v2\/pages\/254\/revisions\/283"}],"wp:attachment":[{"href":"https:\/\/www.auto-service-busse.de\/startseite\/wp-json\/wp\/v2\/media?parent=254"}],"curies":[{"name":"wp","href":"https:\/\/api.w.org\/{rel}","templated":true}]}}